{"id":2090,"date":"2025-02-11T00:01:48","date_gmt":"2025-02-10T23:01:48","guid":{"rendered":"https:\/\/www.biziespacio.com\/?page_id=2090"},"modified":"2025-03-11T08:35:24","modified_gmt":"2025-03-11T07:35:24","slug":"eventos","status":"publish","type":"page","link":"https:\/\/www.biziespacio.com\/en\/eventos\/","title":{"rendered":"Eventos"},"content":{"rendered":"<div data-elementor-type=\"wp-page\" data-elementor-id=\"2090\" class=\"elementor elementor-2090\" data-elementor-post-type=\"page\">\n\t\t\t\t<div class=\"elementor-element elementor-element-442b178 e-flex e-con-boxed e-con e-parent\" data-id=\"442b178\" data-element_type=\"container\" data-e-type=\"container\" id=\"contenedor-hero-2\" data-settings=\"{&quot;background_background&quot;:&quot;classic&quot;,&quot;animation&quot;:&quot;none&quot;}\">\n\t\t\t\t\t<div class=\"e-con-inner\">\n\t\t<div class=\"elementor-element elementor-element-2ba9a9c e-con-full fc-container-equal e-flex elementor-invisible e-con e-child\" data-id=\"2ba9a9c\" data-element_type=\"container\" data-e-type=\"container\" data-settings=\"{&quot;animation&quot;:&quot;fadeIn&quot;,&quot;animation_delay&quot;:800}\">\n\t\t\t\t<div class=\"elementor-element elementor-element-1f9e1ef elementor-invisible elementor-widget elementor-widget-heading\" data-id=\"1f9e1ef\" data-element_type=\"widget\" data-e-type=\"widget\" data-settings=\"{&quot;_animation&quot;:&quot;fadeIn&quot;}\" data-widget_type=\"heading.default\">\n\t\t\t\t<div class=\"elementor-widget-container\">\n\t\t\t\t\t<h1 class=\"elementor-heading-title elementor-size-default\">experiencias \u00fanicas<\/h1>\t\t\t\t<\/div>\n\t\t\t\t<\/div>\n\t\t\t\t<div class=\"elementor-element elementor-element-42e3ea7 elementor-widget elementor-widget-heading\" data-id=\"42e3ea7\" data-element_type=\"widget\" data-e-type=\"widget\" data-widget_type=\"heading.default\">\n\t\t\t\t<div class=\"elementor-widget-container\">\n\t\t\t\t\t<h2 class=\"elementor-heading-title elementor-size-default\"><a href=\"https:\/\/www.biziespacio.com\/en\/propuesta-gastronomica\/\">Planifica tu evento<\/a><\/h2>\t\t\t\t<\/div>\n\t\t\t\t<\/div>\n\t\t\t\t<\/div>\n\t\t\t\t\t<\/div>\n\t\t\t\t<\/div>\n\t\t<div class=\"elementor-element elementor-element-10a0cca e-con-full fc-container-padding e-flex e-con e-parent\" data-id=\"10a0cca\" data-element_type=\"container\" data-e-type=\"container\" data-settings=\"{&quot;background_background&quot;:&quot;classic&quot;}\">\n\t\t<div class=\"elementor-element elementor-element-8a616ff e-flex e-con-boxed e-con e-child\" data-id=\"8a616ff\" data-element_type=\"container\" data-e-type=\"container\">\n\t\t\t\t\t<div class=\"e-con-inner\">\n\t\t<div class=\"elementor-element elementor-element-4eb84cc fc-container-col e-flex e-con-boxed e-con e-child\" data-id=\"4eb84cc\" data-element_type=\"container\" data-e-type=\"container\">\n\t\t\t\t\t<div class=\"e-con-inner\">\n\t\t\t\t<div class=\"elementor-element elementor-element-ce48073 elementor-invisible elementor-widget elementor-widget-heading\" data-id=\"ce48073\" data-element_type=\"widget\" data-e-type=\"widget\" data-settings=\"{&quot;_animation&quot;:&quot;fadeInDown&quot;}\" data-widget_type=\"heading.default\">\n\t\t\t\t<div class=\"elementor-widget-container\">\n\t\t\t\t\t<h2 class=\"elementor-heading-title elementor-size-default\">Personalizamos cada detalle<\/h2>\t\t\t\t<\/div>\n\t\t\t\t<\/div>\n\t\t\t\t<div class=\"elementor-element elementor-element-3512039 elementor-invisible elementor-widget elementor-widget-text-editor\" data-id=\"3512039\" data-element_type=\"widget\" data-e-type=\"widget\" data-settings=\"{&quot;_animation&quot;:&quot;fadeIn&quot;}\" data-widget_type=\"text-editor.default\">\n\t\t\t\t<div class=\"elementor-widget-container\">\n\t\t\t\t\t\t\t\t\t<p>En Bizi Espacio ofrecemos experiencias personalizadas. Desde comidas privadas hasta eventos corporativos, nuestro equipo est\u00e1 preparado para convertir cualquier ocasi\u00f3n en una experiencia inolvidable, cuidando cada detalle para que t\u00fa solo te preocupes de disfrutar.<\/p><p>En Bizi Espacio, sabemos que los momentos especiales merecen un escenario \u00fanico. Disponemos de dos espacios disponibles:<\/p><ul><li><strong>Sal\u00f3n Principal:<\/strong> Un entorno elegante y acogedor, ideal para grupos grandes.<\/li><li><strong>Sala Privada:<\/strong> Un espacio \u00edntimo para reuniones m\u00e1s personales o eventos VIP.<\/li><\/ul><p>\u00a0<\/p>\t\t\t\t\t\t\t\t<\/div>\n\t\t\t\t<\/div>\n\t\t\t\t\t<\/div>\n\t\t\t\t<\/div>\n\t\t<div class=\"elementor-element elementor-element-c36ba09 fc-container-col e-flex e-con-boxed e-con e-child\" data-id=\"c36ba09\" data-element_type=\"container\" data-e-type=\"container\">\n\t\t\t\t\t<div class=\"e-con-inner\">\n\t\t\t\t<div class=\"elementor-element elementor-element-b1693ac elementor-widget elementor-widget-image\" data-id=\"b1693ac\" data-element_type=\"widget\" data-e-type=\"widget\" data-widget_type=\"image.default\">\n\t\t\t\t<div class=\"elementor-widget-container\">\n\t\t\t\t\t\t\t\t\t\t\t\t\t\t\t<img fetchpriority=\"high\" decoding=\"async\" width=\"800\" height=\"1000\" src=\"https:\/\/www.biziespacio.com\/wp-content\/uploads\/2025\/02\/page-equipo-duplicar-1-819x1024.jpg\" class=\"attachment-large size-large wp-image-2102\" alt=\"Bizi Eventos Detalle\" srcset=\"https:\/\/www.biziespacio.com\/wp-content\/uploads\/2025\/02\/page-equipo-duplicar-1-819x1024.jpg 819w, https:\/\/www.biziespacio.com\/wp-content\/uploads\/2025\/02\/page-equipo-duplicar-1-240x300.jpg 240w, https:\/\/www.biziespacio.com\/wp-content\/uploads\/2025\/02\/page-equipo-duplicar-1-768x960.jpg 768w, https:\/\/www.biziespacio.com\/wp-content\/uploads\/2025\/02\/page-equipo-duplicar-1-10x12.jpg 10w, https:\/\/www.biziespacio.com\/wp-content\/uploads\/2025\/02\/page-equipo-duplicar-1.jpg 960w\" sizes=\"(max-width: 800px) 100vw, 800px\" \/>\t\t\t\t\t\t\t\t\t\t\t\t\t\t\t<\/div>\n\t\t\t\t<\/div>\n\t\t\t\t\t<\/div>\n\t\t\t\t<\/div>\n\t\t\t\t\t<\/div>\n\t\t\t\t<\/div>\n\t\t\t\t<\/div>\n\t\t<div class=\"elementor-element elementor-element-98d74d9 e-con-full fc-container-padding e-flex e-con e-parent\" data-id=\"98d74d9\" data-element_type=\"container\" data-e-type=\"container\" data-settings=\"{&quot;background_background&quot;:&quot;classic&quot;}\">\n\t\t<div class=\"elementor-element elementor-element-2d2ffac e-flex e-con-boxed e-con e-child\" data-id=\"2d2ffac\" data-element_type=\"container\" data-e-type=\"container\">\n\t\t\t\t\t<div class=\"e-con-inner\">\n\t\t<div class=\"elementor-element elementor-element-ef7a9d4 fc-container-col e-con-full e-flex e-con e-child\" data-id=\"ef7a9d4\" data-element_type=\"container\" data-e-type=\"container\">\n\t\t\t\t<div class=\"elementor-element elementor-element-118d8cf elementor-invisible elementor-widget elementor-widget-heading\" data-id=\"118d8cf\" data-element_type=\"widget\" data-e-type=\"widget\" data-settings=\"{&quot;_animation&quot;:&quot;fadeInDown&quot;}\" data-widget_type=\"heading.default\">\n\t\t\t\t<div class=\"elementor-widget-container\">\n\t\t\t\t\t<h2 class=\"elementor-heading-title elementor-size-default\">Eventos privados o corporativos<\/h2>\t\t\t\t<\/div>\n\t\t\t\t<\/div>\n\t\t\t\t<div class=\"elementor-element elementor-element-c2296d6 elementor-invisible elementor-widget elementor-widget-text-editor\" data-id=\"c2296d6\" data-element_type=\"widget\" data-e-type=\"widget\" data-settings=\"{&quot;_animation&quot;:&quot;fadeIn&quot;}\" data-widget_type=\"text-editor.default\">\n\t\t\t\t<div class=\"elementor-widget-container\">\n\t\t\t\t\t\t\t\t\t<p>Creamos experiencias personalizadas que se adaptan a tus necesidades.\u00a0Transforma tus reuniones de negocios, almuerzos corporativos o celebraciones de equipo en algo extraordinario.<\/p><p>Para men\u00fas de grupos o eventos especiales, puedes contactar con nosotros por tel\u00e9fono (943 559 546).<\/p><p>En Bizi Espacio, transformamos cada evento en un momento inolvidable con nuestra oferta de c\u00f3cteles \u00fanicos. Sorprende a tus invitados con nuestras creaciones refrescantes y llenas de sabor. Desde los cl\u00e1sicos de siempre hasta mezclas innovadoras, cada c\u00f3ctel es una experiencia sensorial.<\/p>\t\t\t\t\t\t\t\t<\/div>\n\t\t\t\t<\/div>\n\t\t\t\t<div class=\"elementor-element elementor-element-68a90e2 elementor-widget elementor-widget-button\" data-id=\"68a90e2\" data-element_type=\"widget\" data-e-type=\"widget\" data-widget_type=\"button.default\">\n\t\t\t\t<div class=\"elementor-widget-container\">\n\t\t\t\t\t\t\t\t\t<div class=\"elementor-button-wrapper\">\n\t\t\t\t\t<a class=\"elementor-button elementor-button-link elementor-size-sm\" href=\"https:\/\/www.biziespacio.com\/wp-content\/uploads\/2025\/03\/cocktail-2022.pdf\">\n\t\t\t\t\t\t<span class=\"elementor-button-content-wrapper\">\n\t\t\t\t\t\t\t\t\t<span class=\"elementor-button-text\">CARTA C\u00d3CTELES<\/span>\n\t\t\t\t\t<\/span>\n\t\t\t\t\t<\/a>\n\t\t\t\t<\/div>\n\t\t\t\t\t\t\t\t<\/div>\n\t\t\t\t<\/div>\n\t\t\t\t<\/div>\n\t\t<div class=\"elementor-element elementor-element-448e232 fc-container-col e-flex e-con-boxed e-con e-child\" data-id=\"448e232\" data-element_type=\"container\" data-e-type=\"container\">\n\t\t\t\t\t<div class=\"e-con-inner\">\n\t\t\t\t<div class=\"elementor-element elementor-element-370a09d elementor-widget elementor-widget-image\" data-id=\"370a09d\" data-element_type=\"widget\" data-e-type=\"widget\" data-widget_type=\"image.default\">\n\t\t\t\t<div class=\"elementor-widget-container\">\n\t\t\t\t\t\t\t\t\t\t\t\t\t\t\t<img decoding=\"async\" width=\"800\" height=\"1000\" src=\"https:\/\/www.biziespacio.com\/wp-content\/uploads\/2025\/02\/page-inicio-duplicar-2-819x1024.jpg\" class=\"attachment-large size-large wp-image-2053\" alt=\"Bizi Eventos Cocktail\" srcset=\"https:\/\/www.biziespacio.com\/wp-content\/uploads\/2025\/02\/page-inicio-duplicar-2-819x1024.jpg 819w, https:\/\/www.biziespacio.com\/wp-content\/uploads\/2025\/02\/page-inicio-duplicar-2-240x300.jpg 240w, https:\/\/www.biziespacio.com\/wp-content\/uploads\/2025\/02\/page-inicio-duplicar-2-768x960.jpg 768w, https:\/\/www.biziespacio.com\/wp-content\/uploads\/2025\/02\/page-inicio-duplicar-2-10x12.jpg 10w, https:\/\/www.biziespacio.com\/wp-content\/uploads\/2025\/02\/page-inicio-duplicar-2.jpg 960w\" sizes=\"(max-width: 800px) 100vw, 800px\" \/>\t\t\t\t\t\t\t\t\t\t\t\t\t\t\t<\/div>\n\t\t\t\t<\/div>\n\t\t\t\t\t<\/div>\n\t\t\t\t<\/div>\n\t\t\t\t\t<\/div>\n\t\t\t\t<\/div>\n\t\t\t\t<\/div>\n\t\t<div class=\"elementor-element elementor-element-483e82f e-con-full fc-container-padding e-flex e-con e-parent\" data-id=\"483e82f\" data-element_type=\"container\" data-e-type=\"container\" data-settings=\"{&quot;background_background&quot;:&quot;classic&quot;}\">\n\t\t<div class=\"elementor-element elementor-element-ded213a e-flex e-con-boxed e-con e-child\" data-id=\"ded213a\" data-element_type=\"container\" data-e-type=\"container\">\n\t\t\t\t\t<div class=\"e-con-inner\">\n\t\t<div class=\"elementor-element elementor-element-175647e fc-container-col e-flex e-con-boxed e-con e-child\" data-id=\"175647e\" data-element_type=\"container\" data-e-type=\"container\">\n\t\t\t\t\t<div class=\"e-con-inner\">\n\t\t\t\t<div class=\"elementor-element elementor-element-638b77b elementor-invisible elementor-widget elementor-widget-heading\" data-id=\"638b77b\" data-element_type=\"widget\" data-e-type=\"widget\" data-settings=\"{&quot;_animation&quot;:&quot;fadeInDown&quot;}\" data-widget_type=\"heading.default\">\n\t\t\t\t<div class=\"elementor-widget-container\">\n\t\t\t\t\t<h2 class=\"elementor-heading-title elementor-size-default\">Coffee Breaks<\/h2>\t\t\t\t<\/div>\n\t\t\t\t<\/div>\n\t\t\t\t<div class=\"elementor-element elementor-element-407c162 elementor-invisible elementor-widget elementor-widget-text-editor\" data-id=\"407c162\" data-element_type=\"widget\" data-e-type=\"widget\" data-settings=\"{&quot;_animation&quot;:&quot;fadeIn&quot;}\" data-widget_type=\"text-editor.default\">\n\t\t\t\t<div class=\"elementor-widget-container\">\n\t\t\t\t\t\t\t\t\t<p>Hemos dise\u00f1ado un servicio exclusivo de coffee breaks en nuestro elegante hall, ideal para reuniones corporativas, conferencias o eventos sociales.<\/p><p>Dale un toque especial a tus pausas con nuestras propuestas que combinan calidad y comodidad. Ofrecemos deliciosas opciones dulces y saladas para recargar energ\u00edas.<\/p>\t\t\t\t\t\t\t\t<\/div>\n\t\t\t\t<\/div>\n\t\t\t\t<div class=\"elementor-element elementor-element-6912624 elementor-widget elementor-widget-button\" data-id=\"6912624\" data-element_type=\"widget\" data-e-type=\"widget\" data-widget_type=\"button.default\">\n\t\t\t\t<div class=\"elementor-widget-container\">\n\t\t\t\t\t\t\t\t\t<div class=\"elementor-button-wrapper\">\n\t\t\t\t\t<a class=\"elementor-button elementor-button-link elementor-size-sm\" href=\"https:\/\/www.biziespacio.com\/wp-content\/uploads\/2025\/03\/coffe-break-2023.pdf\">\n\t\t\t\t\t\t<span class=\"elementor-button-content-wrapper\">\n\t\t\t\t\t\t\t\t\t<span class=\"elementor-button-text\">Opciones Coffee breaks<\/span>\n\t\t\t\t\t<\/span>\n\t\t\t\t\t<\/a>\n\t\t\t\t<\/div>\n\t\t\t\t\t\t\t\t<\/div>\n\t\t\t\t<\/div>\n\t\t\t\t\t<\/div>\n\t\t\t\t<\/div>\n\t\t<div class=\"elementor-element elementor-element-3f34386 fc-container-col e-flex e-con-boxed e-con e-child\" data-id=\"3f34386\" data-element_type=\"container\" data-e-type=\"container\">\n\t\t\t\t\t<div class=\"e-con-inner\">\n\t\t\t\t<div class=\"elementor-element elementor-element-e932eac elementor-widget elementor-widget-image\" data-id=\"e932eac\" data-element_type=\"widget\" data-e-type=\"widget\" data-widget_type=\"image.default\">\n\t\t\t\t<div class=\"elementor-widget-container\">\n\t\t\t\t\t\t\t\t\t\t\t\t\t\t\t<img decoding=\"async\" width=\"800\" height=\"1000\" src=\"https:\/\/www.biziespacio.com\/wp-content\/uploads\/2025\/02\/page-inicio-duplicar-819x1024.jpg\" class=\"attachment-large size-large wp-image-2051\" alt=\"Bizi Eventos Desayunos\" srcset=\"https:\/\/www.biziespacio.com\/wp-content\/uploads\/2025\/02\/page-inicio-duplicar-819x1024.jpg 819w, https:\/\/www.biziespacio.com\/wp-content\/uploads\/2025\/02\/page-inicio-duplicar-240x300.jpg 240w, https:\/\/www.biziespacio.com\/wp-content\/uploads\/2025\/02\/page-inicio-duplicar-768x960.jpg 768w, https:\/\/www.biziespacio.com\/wp-content\/uploads\/2025\/02\/page-inicio-duplicar-10x12.jpg 10w, https:\/\/www.biziespacio.com\/wp-content\/uploads\/2025\/02\/page-inicio-duplicar.jpg 960w\" sizes=\"(max-width: 800px) 100vw, 800px\" \/>\t\t\t\t\t\t\t\t\t\t\t\t\t\t\t<\/div>\n\t\t\t\t<\/div>\n\t\t\t\t\t<\/div>\n\t\t\t\t<\/div>\n\t\t\t\t\t<\/div>\n\t\t\t\t<\/div>\n\t\t\t\t<\/div>\n\t\t<div class=\"elementor-element elementor-element-d1c3e15 e-con-full fc-container-padding e-flex e-con e-parent\" data-id=\"d1c3e15\" data-element_type=\"container\" data-e-type=\"container\" data-settings=\"{&quot;background_background&quot;:&quot;classic&quot;}\">\n\t\t<div class=\"elementor-element elementor-element-35d04d6 e-flex e-con-boxed e-con e-child\" data-id=\"35d04d6\" data-element_type=\"container\" data-e-type=\"container\">\n\t\t\t\t\t<div class=\"e-con-inner\">\n\t\t<div class=\"elementor-element elementor-element-5137f77 fc-container-col e-con-full e-flex e-con e-child\" data-id=\"5137f77\" data-element_type=\"container\" data-e-type=\"container\">\n\t\t\t\t<div class=\"elementor-element elementor-element-c6bc721 elementor-invisible elementor-widget elementor-widget-heading\" data-id=\"c6bc721\" data-element_type=\"widget\" data-e-type=\"widget\" data-settings=\"{&quot;_animation&quot;:&quot;fadeInDown&quot;}\" data-widget_type=\"heading.default\">\n\t\t\t\t<div class=\"elementor-widget-container\">\n\t\t\t\t\t<h2 class=\"elementor-heading-title elementor-size-default\">Catering a Medida<\/h2>\t\t\t\t<\/div>\n\t\t\t\t<\/div>\n\t\t\t\t<div class=\"elementor-element elementor-element-357beae elementor-invisible elementor-widget elementor-widget-text-editor\" data-id=\"357beae\" data-element_type=\"widget\" data-e-type=\"widget\" data-settings=\"{&quot;_animation&quot;:&quot;fadeIn&quot;}\" data-widget_type=\"text-editor.default\">\n\t\t\t\t<div class=\"elementor-widget-container\">\n\t\t\t\t\t\t\t\t\t<p>Llevamos nuestra cocina a donde t\u00fa est\u00e9s. Nuestro servicio de catering combina la calidad y creatividad de nuestro restaurante con la comodidad de tu espacio elegido. Perfecto para celebraciones o eventos exclusivos.<\/p>\t\t\t\t\t\t\t\t<\/div>\n\t\t\t\t<\/div>\n\t\t\t\t<div class=\"elementor-element elementor-element-fc768e7 elementor-widget elementor-widget-button\" data-id=\"fc768e7\" data-element_type=\"widget\" data-e-type=\"widget\" data-widget_type=\"button.default\">\n\t\t\t\t<div class=\"elementor-widget-container\">\n\t\t\t\t\t\t\t\t\t<div class=\"elementor-button-wrapper\">\n\t\t\t\t\t<a class=\"elementor-button elementor-button-link elementor-size-sm\" href=\"https:\/\/www.biziespacio.com\/en\/contacto\/\">\n\t\t\t\t\t\t<span class=\"elementor-button-content-wrapper\">\n\t\t\t\t\t\t\t\t\t<span class=\"elementor-button-text\">Reservar<\/span>\n\t\t\t\t\t<\/span>\n\t\t\t\t\t<\/a>\n\t\t\t\t<\/div>\n\t\t\t\t\t\t\t\t<\/div>\n\t\t\t\t<\/div>\n\t\t\t\t<\/div>\n\t\t<div class=\"elementor-element elementor-element-7f340e5 fc-container-col e-flex e-con-boxed e-con e-child\" data-id=\"7f340e5\" data-element_type=\"container\" data-e-type=\"container\">\n\t\t\t\t\t<div class=\"e-con-inner\">\n\t\t\t\t<div class=\"elementor-element elementor-element-d4816e4 elementor-widget elementor-widget-image\" data-id=\"d4816e4\" data-element_type=\"widget\" data-e-type=\"widget\" data-widget_type=\"image.default\">\n\t\t\t\t<div class=\"elementor-widget-container\">\n\t\t\t\t\t\t\t\t\t\t\t\t\t\t\t<img loading=\"lazy\" decoding=\"async\" width=\"800\" height=\"1000\" src=\"https:\/\/www.biziespacio.com\/wp-content\/uploads\/2025\/02\/page-equipo-duplicar-2-819x1024.jpg\" class=\"attachment-large size-large wp-image-2107\" alt=\"Bizi Eventos Catering 2\" srcset=\"https:\/\/www.biziespacio.com\/wp-content\/uploads\/2025\/02\/page-equipo-duplicar-2-819x1024.jpg 819w, https:\/\/www.biziespacio.com\/wp-content\/uploads\/2025\/02\/page-equipo-duplicar-2-240x300.jpg 240w, https:\/\/www.biziespacio.com\/wp-content\/uploads\/2025\/02\/page-equipo-duplicar-2-768x960.jpg 768w, https:\/\/www.biziespacio.com\/wp-content\/uploads\/2025\/02\/page-equipo-duplicar-2-10x12.jpg 10w, https:\/\/www.biziespacio.com\/wp-content\/uploads\/2025\/02\/page-equipo-duplicar-2.jpg 960w\" sizes=\"(max-width: 800px) 100vw, 800px\" \/>\t\t\t\t\t\t\t\t\t\t\t\t\t\t\t<\/div>\n\t\t\t\t<\/div>\n\t\t\t\t\t<\/div>\n\t\t\t\t<\/div>\n\t\t\t\t\t<\/div>\n\t\t\t\t<\/div>\n\t\t\t\t<\/div>\n\t\t\t\t<\/div>","protected":false},"excerpt":{"rendered":"<p>experiencias \u00fanicas Planifica tu evento Personalizamos cada detalle En Bizi Espacio ofrecemos experiencias personalizadas. Desde comidas privadas hasta eventos corporativos, nuestro equipo est\u00e1 preparado para convertir cualquier ocasi\u00f3n en una experiencia inolvidable, cuidando cada detalle para que t\u00fa solo te preocupes de disfrutar. En Bizi Espacio, sabemos que los momentos especiales merecen un escenario \u00fanico. [&hellip;]<\/p>\n","protected":false},"author":3,"featured_media":0,"parent":0,"menu_order":4,"comment_status":"closed","ping_status":"closed","template":"","meta":{"_acf_changed":false,"footnotes":""},"class_list":["post-2090","page","type-page","status-publish","hentry"],"acf":[],"_links":{"self":[{"href":"https:\/\/www.biziespacio.com\/en\/wp-json\/wp\/v2\/pages\/2090","targetHints":{"allow":["GET"]}}],"collection":[{"href":"https:\/\/www.biziespacio.com\/en\/wp-json\/wp\/v2\/pages"}],"about":[{"href":"https:\/\/www.biziespacio.com\/en\/wp-json\/wp\/v2\/types\/page"}],"author":[{"embeddable":true,"href":"https:\/\/www.biziespacio.com\/en\/wp-json\/wp\/v2\/users\/3"}],"replies":[{"embeddable":true,"href":"https:\/\/www.biziespacio.com\/en\/wp-json\/wp\/v2\/comments?post=2090"}],"version-history":[{"count":1,"href":"https:\/\/www.biziespacio.com\/en\/wp-json\/wp\/v2\/pages\/2090\/revisions"}],"predecessor-version":[{"id":2310,"href":"https:\/\/www.biziespacio.com\/en\/wp-json\/wp\/v2\/pages\/2090\/revisions\/2310"}],"wp:attachment":[{"href":"https:\/\/www.biziespacio.com\/en\/wp-json\/wp\/v2\/media?parent=2090"}],"curies":[{"name":"wp","href":"https:\/\/api.w.org\/{rel}","templated":true}]}}