{"id":2050,"date":"2025-02-10T22:14:20","date_gmt":"2025-02-10T21:14:20","guid":{"rendered":"https:\/\/www.biziespacio.com\/?page_id=2050"},"modified":"2025-03-11T08:36:15","modified_gmt":"2025-03-11T07:36:15","slug":"equipo","status":"publish","type":"page","link":"https:\/\/www.biziespacio.com\/en\/equipo\/","title":{"rendered":"Equipo"},"content":{"rendered":"<div data-elementor-type=\"wp-page\" data-elementor-id=\"2050\" class=\"elementor elementor-2050\" data-elementor-post-type=\"page\">\n\t\t\t\t<div class=\"elementor-element elementor-element-442b178 e-flex e-con-boxed e-con e-parent\" data-id=\"442b178\" data-element_type=\"container\" data-e-type=\"container\" id=\"contenedor-hero-2\" data-settings=\"{&quot;background_background&quot;:&quot;classic&quot;,&quot;animation&quot;:&quot;none&quot;}\">\n\t\t\t\t\t<div class=\"e-con-inner\">\n\t\t<div class=\"elementor-element elementor-element-2ba9a9c e-con-full fc-container-equal e-flex elementor-invisible e-con e-child\" data-id=\"2ba9a9c\" data-element_type=\"container\" data-e-type=\"container\" data-settings=\"{&quot;animation&quot;:&quot;fadeIn&quot;,&quot;animation_delay&quot;:800}\">\n\t\t\t\t<div class=\"elementor-element elementor-element-1f9e1ef elementor-invisible elementor-widget elementor-widget-heading\" data-id=\"1f9e1ef\" data-element_type=\"widget\" data-e-type=\"widget\" data-settings=\"{&quot;_animation&quot;:&quot;fadeIn&quot;}\" data-widget_type=\"heading.default\">\n\t\t\t\t<div class=\"elementor-widget-container\">\n\t\t\t\t\t<h1 class=\"elementor-heading-title elementor-size-default\">D\u00e9jate sorprender<\/h1>\t\t\t\t<\/div>\n\t\t\t\t<\/div>\n\t\t\t\t<div class=\"elementor-element elementor-element-42e3ea7 elementor-widget elementor-widget-heading\" data-id=\"42e3ea7\" data-element_type=\"widget\" data-e-type=\"widget\" data-widget_type=\"heading.default\">\n\t\t\t\t<div class=\"elementor-widget-container\">\n\t\t\t\t\t<h2 class=\"elementor-heading-title elementor-size-default\"><a href=\"https:\/\/www.biziespacio.com\/en\/propuesta-gastronomica\/\">Dedicaci\u00f3n y creatividad en cada detalle<\/a><\/h2>\t\t\t\t<\/div>\n\t\t\t\t<\/div>\n\t\t\t\t<\/div>\n\t\t\t\t\t<\/div>\n\t\t\t\t<\/div>\n\t\t<div class=\"elementor-element elementor-element-10a0cca e-con-full fc-container-padding e-flex e-con e-parent\" data-id=\"10a0cca\" data-element_type=\"container\" data-e-type=\"container\" data-settings=\"{&quot;background_background&quot;:&quot;classic&quot;}\">\n\t\t<div class=\"elementor-element elementor-element-8a616ff e-flex e-con-boxed e-con e-child\" data-id=\"8a616ff\" data-element_type=\"container\" data-e-type=\"container\">\n\t\t\t\t\t<div class=\"e-con-inner\">\n\t\t<div class=\"elementor-element elementor-element-4eb84cc fc-container-col e-flex e-con-boxed e-con e-child\" data-id=\"4eb84cc\" data-element_type=\"container\" data-e-type=\"container\">\n\t\t\t\t\t<div class=\"e-con-inner\">\n\t\t\t\t<div class=\"elementor-element elementor-element-127e8dd elementor-invisible elementor-widget elementor-widget-heading\" data-id=\"127e8dd\" data-element_type=\"widget\" data-e-type=\"widget\" data-settings=\"{&quot;_animation&quot;:&quot;fadeInDown&quot;}\" data-widget_type=\"heading.default\">\n\t\t\t\t<div class=\"elementor-widget-container\">\n\t\t\t\t\t<h2 class=\"elementor-heading-title elementor-size-default\">Pasi\u00f3n por la <\/br>gastronom\u00eda<\/h2>\t\t\t\t<\/div>\n\t\t\t\t<\/div>\n\t\t\t\t<div class=\"elementor-element elementor-element-3512039 elementor-invisible elementor-widget elementor-widget-text-editor\" data-id=\"3512039\" data-element_type=\"widget\" data-e-type=\"widget\" data-settings=\"{&quot;_animation&quot;:&quot;fadeIn&quot;}\" data-widget_type=\"text-editor.default\">\n\t\t\t\t<div class=\"elementor-widget-container\">\n\t\t\t\t\t\t\t\t\t<p>En Bizi Espacio, somos m\u00e1s que un equipo: somos una familia unida por la pasi\u00f3n por la gastronom\u00eda.<\/p><p>Desde la cocina hasta el servicio en mesa, cada miembro aporta su talento para brindarte una experiencia \u00fanica, donde cada plato y cada detalle cuentan una historia.<\/p>\t\t\t\t\t\t\t\t<\/div>\n\t\t\t\t<\/div>\n\t\t\t\t\t<\/div>\n\t\t\t\t<\/div>\n\t\t<div class=\"elementor-element elementor-element-c36ba09 fc-container-col e-flex e-con-boxed e-con e-child\" data-id=\"c36ba09\" data-element_type=\"container\" data-e-type=\"container\">\n\t\t\t\t\t<div class=\"e-con-inner\">\n\t\t\t\t<div class=\"elementor-element elementor-element-b1693ac elementor-widget elementor-widget-image\" data-id=\"b1693ac\" data-element_type=\"widget\" data-e-type=\"widget\" data-widget_type=\"image.default\">\n\t\t\t\t<div class=\"elementor-widget-container\">\n\t\t\t\t\t\t\t\t\t\t\t\t\t\t\t<img fetchpriority=\"high\" decoding=\"async\" width=\"800\" height=\"1000\" src=\"https:\/\/www.biziespacio.com\/wp-content\/uploads\/2025\/02\/page-equipo-819x1024.jpg\" class=\"attachment-large size-large wp-image-2073\" alt=\"Bizi Equipo Postre\" srcset=\"https:\/\/www.biziespacio.com\/wp-content\/uploads\/2025\/02\/page-equipo-819x1024.jpg 819w, https:\/\/www.biziespacio.com\/wp-content\/uploads\/2025\/02\/page-equipo-240x300.jpg 240w, https:\/\/www.biziespacio.com\/wp-content\/uploads\/2025\/02\/page-equipo-768x960.jpg 768w, https:\/\/www.biziespacio.com\/wp-content\/uploads\/2025\/02\/page-equipo-10x12.jpg 10w, https:\/\/www.biziespacio.com\/wp-content\/uploads\/2025\/02\/page-equipo.jpg 960w\" sizes=\"(max-width: 800px) 100vw, 800px\" \/>\t\t\t\t\t\t\t\t\t\t\t\t\t\t\t<\/div>\n\t\t\t\t<\/div>\n\t\t\t\t\t<\/div>\n\t\t\t\t<\/div>\n\t\t\t\t\t<\/div>\n\t\t\t\t<\/div>\n\t\t\t\t<\/div>\n\t\t<div class=\"elementor-element elementor-element-98d74d9 e-con-full fc-container-padding e-flex e-con e-parent\" data-id=\"98d74d9\" data-element_type=\"container\" data-e-type=\"container\" data-settings=\"{&quot;background_background&quot;:&quot;classic&quot;}\">\n\t\t<div class=\"elementor-element elementor-element-2d2ffac e-flex e-con-boxed e-con e-child\" data-id=\"2d2ffac\" data-element_type=\"container\" data-e-type=\"container\">\n\t\t\t\t\t<div class=\"e-con-inner\">\n\t\t<div class=\"elementor-element elementor-element-ef7a9d4 fc-container-col e-con-full e-flex e-con e-child\" data-id=\"ef7a9d4\" data-element_type=\"container\" data-e-type=\"container\">\n\t\t\t\t<div class=\"elementor-element elementor-element-ce48073 elementor-invisible elementor-widget elementor-widget-heading\" data-id=\"ce48073\" data-element_type=\"widget\" data-e-type=\"widget\" data-settings=\"{&quot;_animation&quot;:&quot;fadeInDown&quot;}\" data-widget_type=\"heading.default\">\n\t\t\t\t<div class=\"elementor-widget-container\">\n\t\t\t\t\t<h2 class=\"elementor-heading-title elementor-size-default\">Artistas tras <\/br> los sabores<\/h2>\t\t\t\t<\/div>\n\t\t\t\t<\/div>\n\t\t\t\t<div class=\"elementor-element elementor-element-c2296d6 elementor-invisible elementor-widget elementor-widget-text-editor\" data-id=\"c2296d6\" data-element_type=\"widget\" data-e-type=\"widget\" data-settings=\"{&quot;_animation&quot;:&quot;fadeIn&quot;}\" data-widget_type=\"text-editor.default\">\n\t\t\t\t<div class=\"elementor-widget-container\">\n\t\t\t\t\t\t\t\t\t<p><strong>Facundo Mailland<\/strong>. L\u00edder creativo y coraz\u00f3n de nuestra cocina. Con a\u00f1os de experiencia en restaurantes de prestigio, Facundo aporta un enfoque innovador, combinando t\u00e9cnicas contempor\u00e1neas con un profundo respeto por los ingredientes frescos y locales. Cada plato es un reflejo de su pasi\u00f3n por la excelencia y su b\u00fasqueda constante de nuevos sabores.<\/p><p><strong>Ezekiel Algaze<\/strong>. Supervisa cada detalle de la preparaci\u00f3n para asegurar la calidad y consistencia de nuestros platos. Su habilidad para transformar ingredientes simples en algo extraordinario es lo que marca la diferencia en nuestra cocina. Su pasi\u00f3n y dedicaci\u00f3n son el alma de nuestro restaurante.<\/p>\t\t\t\t\t\t\t\t<\/div>\n\t\t\t\t<\/div>\n\t\t\t\t<\/div>\n\t\t<div class=\"elementor-element elementor-element-448e232 fc-container-col e-flex e-con-boxed e-con e-child\" data-id=\"448e232\" data-element_type=\"container\" data-e-type=\"container\">\n\t\t\t\t\t<div class=\"e-con-inner\">\n\t\t\t\t<div class=\"elementor-element elementor-element-370a09d elementor-widget elementor-widget-image\" data-id=\"370a09d\" data-element_type=\"widget\" data-e-type=\"widget\" data-widget_type=\"image.default\">\n\t\t\t\t<div class=\"elementor-widget-container\">\n\t\t\t\t\t\t\t\t\t\t\t\t\t\t\t<img decoding=\"async\" width=\"800\" height=\"1000\" src=\"https:\/\/www.biziespacio.com\/wp-content\/uploads\/2025\/02\/page-equipo-1-819x1024.jpg\" class=\"attachment-large size-large wp-image-2074\" alt=\"Bizi Equipo Cocineros\" srcset=\"https:\/\/www.biziespacio.com\/wp-content\/uploads\/2025\/02\/page-equipo-1-819x1024.jpg 819w, https:\/\/www.biziespacio.com\/wp-content\/uploads\/2025\/02\/page-equipo-1-240x300.jpg 240w, https:\/\/www.biziespacio.com\/wp-content\/uploads\/2025\/02\/page-equipo-1-768x960.jpg 768w, https:\/\/www.biziespacio.com\/wp-content\/uploads\/2025\/02\/page-equipo-1-10x12.jpg 10w, https:\/\/www.biziespacio.com\/wp-content\/uploads\/2025\/02\/page-equipo-1.jpg 960w\" sizes=\"(max-width: 800px) 100vw, 800px\" \/>\t\t\t\t\t\t\t\t\t\t\t\t\t\t\t<\/div>\n\t\t\t\t<\/div>\n\t\t\t\t\t<\/div>\n\t\t\t\t<\/div>\n\t\t\t\t\t<\/div>\n\t\t\t\t<\/div>\n\t\t\t\t<\/div>\n\t\t<div class=\"elementor-element elementor-element-483e82f e-con-full fc-container-padding e-flex e-con e-parent\" data-id=\"483e82f\" data-element_type=\"container\" data-e-type=\"container\" data-settings=\"{&quot;background_background&quot;:&quot;classic&quot;}\">\n\t\t<div class=\"elementor-element elementor-element-ded213a e-flex e-con-boxed e-con e-child\" data-id=\"ded213a\" data-element_type=\"container\" data-e-type=\"container\">\n\t\t\t\t\t<div class=\"e-con-inner\">\n\t\t<div class=\"elementor-element elementor-element-175647e fc-container-col e-flex e-con-boxed e-con e-child\" data-id=\"175647e\" data-element_type=\"container\" data-e-type=\"container\">\n\t\t\t\t\t<div class=\"e-con-inner\">\n\t\t\t\t<div class=\"elementor-element elementor-element-638b77b elementor-invisible elementor-widget elementor-widget-heading\" data-id=\"638b77b\" data-element_type=\"widget\" data-e-type=\"widget\" data-settings=\"{&quot;_animation&quot;:&quot;fadeInDown&quot;}\" data-widget_type=\"heading.default\">\n\t\t\t\t<div class=\"elementor-widget-container\">\n\t\t\t\t\t<h2 class=\"elementor-heading-title elementor-size-default\">Equipo de Sala<\/h2>\t\t\t\t<\/div>\n\t\t\t\t<\/div>\n\t\t\t\t<div class=\"elementor-element elementor-element-407c162 elementor-invisible elementor-widget elementor-widget-text-editor\" data-id=\"407c162\" data-element_type=\"widget\" data-e-type=\"widget\" data-settings=\"{&quot;_animation&quot;:&quot;fadeIn&quot;}\" data-widget_type=\"text-editor.default\">\n\t\t\t\t<div class=\"elementor-widget-container\">\n\t\t\t\t\t\t\t\t\t<p>Nuestros camareros y personal de sala est\u00e1n aqu\u00ed para garantizar que cada momento sea especial. Su conocimiento del men\u00fa, atenci\u00f3n al detalle y c\u00e1lida hospitalidad te har\u00e1n sentir como en casa desde el primer instante.<\/p><p>En Bizi Espacio, nuestro equipo trabaja en perfecta armon\u00eda para ofrecerte una experiencia culinaria excepcional.<\/p>\t\t\t\t\t\t\t\t<\/div>\n\t\t\t\t<\/div>\n\t\t\t\t\t<\/div>\n\t\t\t\t<\/div>\n\t\t<div class=\"elementor-element elementor-element-3f34386 fc-container-col e-flex e-con-boxed e-con e-child\" data-id=\"3f34386\" data-element_type=\"container\" data-e-type=\"container\">\n\t\t\t\t\t<div class=\"e-con-inner\">\n\t\t\t\t<div class=\"elementor-element elementor-element-e932eac elementor-widget elementor-widget-image\" data-id=\"e932eac\" data-element_type=\"widget\" data-e-type=\"widget\" data-widget_type=\"image.default\">\n\t\t\t\t<div class=\"elementor-widget-container\">\n\t\t\t\t\t\t\t\t\t\t\t\t\t\t\t<img decoding=\"async\" width=\"800\" height=\"1000\" src=\"https:\/\/www.biziespacio.com\/wp-content\/uploads\/2025\/02\/page-equipo-2-819x1024.jpg\" class=\"attachment-large size-large wp-image-2081\" alt=\"Bizi Equipo Camarera\" srcset=\"https:\/\/www.biziespacio.com\/wp-content\/uploads\/2025\/02\/page-equipo-2-819x1024.jpg 819w, https:\/\/www.biziespacio.com\/wp-content\/uploads\/2025\/02\/page-equipo-2-240x300.jpg 240w, https:\/\/www.biziespacio.com\/wp-content\/uploads\/2025\/02\/page-equipo-2-768x960.jpg 768w, https:\/\/www.biziespacio.com\/wp-content\/uploads\/2025\/02\/page-equipo-2-10x12.jpg 10w, https:\/\/www.biziespacio.com\/wp-content\/uploads\/2025\/02\/page-equipo-2.jpg 960w\" sizes=\"(max-width: 800px) 100vw, 800px\" \/>\t\t\t\t\t\t\t\t\t\t\t\t\t\t\t<\/div>\n\t\t\t\t<\/div>\n\t\t\t\t\t<\/div>\n\t\t\t\t<\/div>\n\t\t\t\t\t<\/div>\n\t\t\t\t<\/div>\n\t\t\t\t<\/div>\n\t\t\t\t<\/div>","protected":false},"excerpt":{"rendered":"<p>D\u00e9jate sorprender Dedicaci\u00f3n y creatividad en cada detalle Pasi\u00f3n por la gastronom\u00eda En Bizi Espacio, somos m\u00e1s que un equipo: somos una familia unida por la pasi\u00f3n por la gastronom\u00eda. Desde la cocina hasta el servicio en mesa, cada miembro aporta su talento para brindarte una experiencia \u00fanica, donde cada plato y cada detalle cuentan [&hellip;]<\/p>\n","protected":false},"author":3,"featured_media":0,"parent":0,"menu_order":5,"comment_status":"closed","ping_status":"closed","template":"","meta":{"_acf_changed":false,"footnotes":""},"class_list":["post-2050","page","type-page","status-publish","hentry"],"acf":[],"_links":{"self":[{"href":"https:\/\/www.biziespacio.com\/en\/wp-json\/wp\/v2\/pages\/2050","targetHints":{"allow":["GET"]}}],"collection":[{"href":"https:\/\/www.biziespacio.com\/en\/wp-json\/wp\/v2\/pages"}],"about":[{"href":"https:\/\/www.biziespacio.com\/en\/wp-json\/wp\/v2\/types\/page"}],"author":[{"embeddable":true,"href":"https:\/\/www.biziespacio.com\/en\/wp-json\/wp\/v2\/users\/3"}],"replies":[{"embeddable":true,"href":"https:\/\/www.biziespacio.com\/en\/wp-json\/wp\/v2\/comments?post=2050"}],"version-history":[{"count":2,"href":"https:\/\/www.biziespacio.com\/en\/wp-json\/wp\/v2\/pages\/2050\/revisions"}],"predecessor-version":[{"id":2317,"href":"https:\/\/www.biziespacio.com\/en\/wp-json\/wp\/v2\/pages\/2050\/revisions\/2317"}],"wp:attachment":[{"href":"https:\/\/www.biziespacio.com\/en\/wp-json\/wp\/v2\/media?parent=2050"}],"curies":[{"name":"wp","href":"https:\/\/api.w.org\/{rel}","templated":true}]}}