{"id":1968,"date":"2025-02-06T18:25:23","date_gmt":"2025-02-06T17:25:23","guid":{"rendered":"https:\/\/www.biziespacio.com\/?page_id=1968"},"modified":"2025-03-11T08:34:39","modified_gmt":"2025-03-11T07:34:39","slug":"restaurante","status":"publish","type":"page","link":"https:\/\/www.biziespacio.com\/en\/restaurante\/","title":{"rendered":"Restaurante"},"content":{"rendered":"<div data-elementor-type=\"wp-page\" data-elementor-id=\"1968\" class=\"elementor elementor-1968\" data-elementor-settings=\"{&quot;scroll_snap&quot;:&quot;yes&quot;}\" data-elementor-post-type=\"page\">\n\t\t\t\t<div class=\"elementor-element elementor-element-5e8ebd2 e-con-full elementor-hidden-mobile e-flex e-con e-parent\" data-id=\"5e8ebd2\" data-element_type=\"container\" data-e-type=\"container\" id=\"contenedor-hero-1\" data-settings=\"{&quot;background_background&quot;:&quot;classic&quot;}\">\n\t\t<div class=\"elementor-element elementor-element-e4e2c6d e-con-full e-flex e-con e-child\" data-id=\"e4e2c6d\" data-element_type=\"container\" data-e-type=\"container\" data-settings=\"{&quot;background_background&quot;:&quot;classic&quot;}\">\n\t\t<div class=\"elementor-element elementor-element-0cb8c72 fc-container-equal fc-container-col-boxed e-flex e-con-boxed e-con e-child\" data-id=\"0cb8c72\" data-element_type=\"container\" data-e-type=\"container\">\n\t\t\t\t\t<div class=\"e-con-inner\">\n\t\t\t\t<div class=\"elementor-element elementor-element-0b989c7 elementor-invisible elementor-widget elementor-widget-heading\" data-id=\"0b989c7\" data-element_type=\"widget\" data-e-type=\"widget\" data-settings=\"{&quot;_animation&quot;:&quot;fadeInDown&quot;}\" data-widget_type=\"heading.default\">\n\t\t\t\t<div class=\"elementor-widget-container\">\n\t\t\t\t\t<h2 class=\"elementor-heading-title elementor-size-default\">Fusi\u00f3n de sabores<\/h2>\t\t\t\t<\/div>\n\t\t\t\t<\/div>\n\t\t\t\t<div class=\"elementor-element elementor-element-53193bc elementor-invisible elementor-widget elementor-widget-text-editor\" data-id=\"53193bc\" data-element_type=\"widget\" data-e-type=\"widget\" data-settings=\"{&quot;_animation&quot;:&quot;fadeIn&quot;}\" data-widget_type=\"text-editor.default\">\n\t\t\t\t<div class=\"elementor-widget-container\">\n\t\t\t\t\t\t\t\t\t<p>En Bizi Espacio, redefinimos el concepto de comer fuera. Con una propuesta moderna que fusiona sabores locales e internacionales, ofrecemos m\u00e1s que un men\u00fa: te invitamos a un viaje sensorial.<\/p>\t\t\t\t\t\t\t\t<\/div>\n\t\t\t\t<\/div>\n\t\t\t\t\t<\/div>\n\t\t\t\t<\/div>\n\t\t\t\t<\/div>\n\t\t<div class=\"elementor-element elementor-element-51fe5e6 fc-container-col fc-sticky e-con-full e-flex e-con e-child\" data-id=\"51fe5e6\" data-element_type=\"container\" data-e-type=\"container\">\n\t\t\t\t<\/div>\n\t\t\t\t<\/div>\n\t\t<div class=\"elementor-element elementor-element-225f471 e-con-full elementor-hidden-mobile e-flex e-con e-parent\" data-id=\"225f471\" data-element_type=\"container\" data-e-type=\"container\" id=\"contenedor-hero-2\" data-settings=\"{&quot;background_background&quot;:&quot;classic&quot;}\">\n\t\t<div class=\"elementor-element elementor-element-3191673 e-con-full e-flex e-con e-child\" data-id=\"3191673\" data-element_type=\"container\" data-e-type=\"container\" data-settings=\"{&quot;background_background&quot;:&quot;classic&quot;}\">\n\t\t<div class=\"elementor-element elementor-element-9f70d3b fc-container-equal fc-container-col-boxed e-flex e-con-boxed e-con e-child\" data-id=\"9f70d3b\" data-element_type=\"container\" data-e-type=\"container\">\n\t\t\t\t\t<div class=\"e-con-inner\">\n\t\t\t\t<div class=\"elementor-element elementor-element-8d67930 elementor-invisible elementor-widget elementor-widget-heading\" data-id=\"8d67930\" data-element_type=\"widget\" data-e-type=\"widget\" data-settings=\"{&quot;_animation&quot;:&quot;fadeInDown&quot;}\" data-widget_type=\"heading.default\">\n\t\t\t\t<div class=\"elementor-widget-container\">\n\t\t\t\t\t<h2 class=\"elementor-heading-title elementor-size-default\">El espacio<\/h2>\t\t\t\t<\/div>\n\t\t\t\t<\/div>\n\t\t\t\t<div class=\"elementor-element elementor-element-0e47dec elementor-invisible elementor-widget elementor-widget-text-editor\" data-id=\"0e47dec\" data-element_type=\"widget\" data-e-type=\"widget\" data-settings=\"{&quot;_animation&quot;:&quot;fadeIn&quot;}\" data-widget_type=\"text-editor.default\">\n\t\t\t\t<div class=\"elementor-widget-container\">\n\t\t\t\t\t\t\t\t\t<p>Dise\u00f1ado con un estilo contempor\u00e1neo y acogedor, nuestro espacio est\u00e1 pensado para que disfrutes momentos \u00fanicos, ya sea en una comida de empresa, una reuni\u00f3n con amigos o una ocasi\u00f3n especial.<\/p>\t\t\t\t\t\t\t\t<\/div>\n\t\t\t\t<\/div>\n\t\t\t\t\t<\/div>\n\t\t\t\t<\/div>\n\t\t\t\t<\/div>\n\t\t<div class=\"elementor-element elementor-element-0547c87 fc-container-col fc-sticky e-con-full e-flex e-con e-child\" data-id=\"0547c87\" data-element_type=\"container\" data-e-type=\"container\">\n\t\t\t\t<\/div>\n\t\t\t\t<\/div>\n\t\t<div class=\"elementor-element elementor-element-c898f10 e-con-full elementor-hidden-mobile e-flex e-con e-parent\" data-id=\"c898f10\" data-element_type=\"container\" data-e-type=\"container\" id=\"contenedor-hero-3\" data-settings=\"{&quot;background_background&quot;:&quot;classic&quot;}\">\n\t\t<div class=\"elementor-element elementor-element-346305d e-con-full e-flex e-con e-child\" data-id=\"346305d\" data-element_type=\"container\" data-e-type=\"container\" data-settings=\"{&quot;background_background&quot;:&quot;classic&quot;}\">\n\t\t<div class=\"elementor-element elementor-element-f07d43b fc-container-equal fc-container-col-boxed e-flex e-con-boxed e-con e-child\" data-id=\"f07d43b\" data-element_type=\"container\" data-e-type=\"container\">\n\t\t\t\t\t<div class=\"e-con-inner\">\n\t\t\t\t<div class=\"elementor-element elementor-element-cec2413 elementor-invisible elementor-widget elementor-widget-heading\" data-id=\"cec2413\" data-element_type=\"widget\" data-e-type=\"widget\" data-settings=\"{&quot;_animation&quot;:&quot;fadeInDown&quot;}\" data-widget_type=\"heading.default\">\n\t\t\t\t<div class=\"elementor-widget-container\">\n\t\t\t\t\t<h2 class=\"elementor-heading-title elementor-size-default\">El producto<\/h2>\t\t\t\t<\/div>\n\t\t\t\t<\/div>\n\t\t\t\t<div class=\"elementor-element elementor-element-a5dd13f elementor-invisible elementor-widget elementor-widget-text-editor\" data-id=\"a5dd13f\" data-element_type=\"widget\" data-e-type=\"widget\" data-settings=\"{&quot;_animation&quot;:&quot;fadeIn&quot;}\" data-widget_type=\"text-editor.default\">\n\t\t\t\t<div class=\"elementor-widget-container\">\n\t\t\t\t\t\t\t\t\t<p>Creemos en la magia de los ingredientes frescos, el respeto por el producto y la creatividad en cada plato. Trabajamos de la mano con proveedores locales para ofrecerte lo mejor de la temporada, combinando t\u00e9cnicas de vanguardia con un toque artesanal que nos distingue.<\/p>\t\t\t\t\t\t\t\t<\/div>\n\t\t\t\t<\/div>\n\t\t\t\t\t<\/div>\n\t\t\t\t<\/div>\n\t\t\t\t<\/div>\n\t\t<div class=\"elementor-element elementor-element-baa1042 fc-container-col fc-sticky e-con-full e-flex e-con e-child\" data-id=\"baa1042\" data-element_type=\"container\" data-e-type=\"container\">\n\t\t\t\t<\/div>\n\t\t\t\t<\/div>\n\t\t<div class=\"elementor-element elementor-element-dae8aec elementor-hidden-mobile e-flex e-con-boxed e-con e-parent\" data-id=\"dae8aec\" data-element_type=\"container\" data-e-type=\"container\">\n\t\t\t\t\t<div class=\"e-con-inner\">\n\t\t\t\t<div class=\"elementor-element elementor-element-3c21b31 elementor-widget elementor-widget-ha-one-page-nav happy-addon ha-one-page-nav happy-addon-pro\" data-id=\"3c21b31\" data-element_type=\"widget\" data-e-type=\"widget\" data-settings=\"{&quot;select_design&quot;:&quot;ha-opn-design-magool&quot;,&quot;touch_swipe&quot;:&quot;yes&quot;,&quot;scrolling_speed&quot;:600}\" data-widget_type=\"ha-one-page-nav.default\">\n\t\t\t\t<div class=\"elementor-widget-container\">\n\t\t\t\t\t        <div class=\"ha-opn-dotted-nav ha-opn-design-magool ha-opn-right-side ha-opn-position-middle\">\n                            <ul class=\"ha-opn-nav ha-opn-design-magool\">\n                                                <li class=\"ha_opn__item ha_opn__item--current elementor-repeater-item-1de9649\" aria-label=\"Cocineros\">\n                                <a href=\"#\" data-section-id=\"contenedor-hero-1\"><\/a>\n                                                            <\/li>\n                                                <li class=\"ha_opn__item  elementor-repeater-item-ea86099\" aria-label=\"Propuesta\">\n                                <a href=\"#\" data-section-id=\"contenedor-hero-2\"><\/a>\n                                                            <\/li>\n                                                <li class=\"ha_opn__item  elementor-repeater-item-10102da\" aria-label=\"\">\n                                <a href=\"#\" data-section-id=\"contenedor-hero-3\"><\/a>\n                                                            <\/li>\n                                    <\/ul>\n                    <\/div>\n\t\t\t\t<\/div>\n\t\t\t\t<\/div>\n\t\t\t\t\t<\/div>\n\t\t\t\t<\/div>\n\t\t<div class=\"elementor-element elementor-element-4967fb9 e-con-full elementor-hidden-widescreen elementor-hidden-desktop elementor-hidden-laptop elementor-hidden-tablet e-flex e-con e-parent\" data-id=\"4967fb9\" data-element_type=\"container\" data-e-type=\"container\" data-settings=\"{&quot;background_background&quot;:&quot;classic&quot;}\">\n\t\t<div class=\"elementor-element elementor-element-975102c e-con-full e-flex e-con e-child\" data-id=\"975102c\" data-element_type=\"container\" data-e-type=\"container\" data-settings=\"{&quot;background_background&quot;:&quot;classic&quot;}\">\n\t\t<div class=\"elementor-element elementor-element-25e1c22 fc-container-equal fc-container-col-boxed e-flex e-con-boxed e-con e-child\" data-id=\"25e1c22\" data-element_type=\"container\" data-e-type=\"container\">\n\t\t\t\t\t<div class=\"e-con-inner\">\n\t\t\t\t<div class=\"elementor-element elementor-element-e6ada48 elementor-invisible elementor-widget elementor-widget-heading\" data-id=\"e6ada48\" data-element_type=\"widget\" data-e-type=\"widget\" data-settings=\"{&quot;_animation&quot;:&quot;fadeInDown&quot;}\" data-widget_type=\"heading.default\">\n\t\t\t\t<div class=\"elementor-widget-container\">\n\t\t\t\t\t<h2 class=\"elementor-heading-title elementor-size-default\">Fusi\u00f3n de sabores<\/h2>\t\t\t\t<\/div>\n\t\t\t\t<\/div>\n\t\t\t\t<div class=\"elementor-element elementor-element-b0c5130 elementor-invisible elementor-widget elementor-widget-text-editor\" data-id=\"b0c5130\" data-element_type=\"widget\" data-e-type=\"widget\" data-settings=\"{&quot;_animation&quot;:&quot;fadeIn&quot;}\" data-widget_type=\"text-editor.default\">\n\t\t\t\t<div class=\"elementor-widget-container\">\n\t\t\t\t\t\t\t\t\t<p>En Bizi Espacio, redefinimos el concepto de comer fuera. Con una propuesta moderna que fusiona sabores locales e internacionales, ofrecemos m\u00e1s que un men\u00fa: te invitamos a un viaje sensorial.<\/p>\t\t\t\t\t\t\t\t<\/div>\n\t\t\t\t<\/div>\n\t\t\t\t\t<\/div>\n\t\t\t\t<\/div>\n\t\t\t\t<\/div>\n\t\t<div class=\"elementor-element elementor-element-0e0cd6d fc-container-col fc-sticky e-con-full e-flex e-con e-child\" data-id=\"0e0cd6d\" data-element_type=\"container\" data-e-type=\"container\">\n\t\t\t\t<\/div>\n\t\t\t\t<\/div>\n\t\t<div class=\"elementor-element elementor-element-c03a486 e-con-full elementor-hidden-widescreen elementor-hidden-desktop elementor-hidden-laptop elementor-hidden-tablet e-flex e-con e-parent\" data-id=\"c03a486\" data-element_type=\"container\" data-e-type=\"container\" data-settings=\"{&quot;background_background&quot;:&quot;classic&quot;}\">\n\t\t<div class=\"elementor-element elementor-element-7403bc6 e-con-full e-flex e-con e-child\" data-id=\"7403bc6\" data-element_type=\"container\" data-e-type=\"container\" data-settings=\"{&quot;background_background&quot;:&quot;classic&quot;}\">\n\t\t<div class=\"elementor-element elementor-element-6a70d9e fc-container-equal fc-container-col-boxed e-flex e-con-boxed e-con e-child\" data-id=\"6a70d9e\" data-element_type=\"container\" data-e-type=\"container\">\n\t\t\t\t\t<div class=\"e-con-inner\">\n\t\t\t\t<div class=\"elementor-element elementor-element-bfdd419 elementor-invisible elementor-widget elementor-widget-heading\" data-id=\"bfdd419\" data-element_type=\"widget\" data-e-type=\"widget\" data-settings=\"{&quot;_animation&quot;:&quot;fadeInDown&quot;}\" data-widget_type=\"heading.default\">\n\t\t\t\t<div class=\"elementor-widget-container\">\n\t\t\t\t\t<h2 class=\"elementor-heading-title elementor-size-default\">El espacio<\/h2>\t\t\t\t<\/div>\n\t\t\t\t<\/div>\n\t\t\t\t<div class=\"elementor-element elementor-element-5db62f0 elementor-invisible elementor-widget elementor-widget-text-editor\" data-id=\"5db62f0\" data-element_type=\"widget\" data-e-type=\"widget\" data-settings=\"{&quot;_animation&quot;:&quot;fadeIn&quot;}\" data-widget_type=\"text-editor.default\">\n\t\t\t\t<div class=\"elementor-widget-container\">\n\t\t\t\t\t\t\t\t\t<p>Dise\u00f1ado con un estilo contempor\u00e1neo y acogedor, nuestro espacio est\u00e1 pensado para que disfrutes momentos \u00fanicos, ya sea en una comida de empresa, una reuni\u00f3n con amigos o una ocasi\u00f3n especial.<\/p>\t\t\t\t\t\t\t\t<\/div>\n\t\t\t\t<\/div>\n\t\t\t\t\t<\/div>\n\t\t\t\t<\/div>\n\t\t\t\t<\/div>\n\t\t<div class=\"elementor-element elementor-element-4d8d3a9 fc-container-col fc-sticky e-con-full e-flex e-con e-child\" data-id=\"4d8d3a9\" data-element_type=\"container\" data-e-type=\"container\">\n\t\t\t\t<\/div>\n\t\t\t\t<\/div>\n\t\t<div class=\"elementor-element elementor-element-5fc499d e-con-full elementor-hidden-widescreen elementor-hidden-desktop elementor-hidden-laptop elementor-hidden-tablet e-flex e-con e-parent\" data-id=\"5fc499d\" data-element_type=\"container\" data-e-type=\"container\" data-settings=\"{&quot;background_background&quot;:&quot;classic&quot;}\">\n\t\t<div class=\"elementor-element elementor-element-25b9425 e-con-full e-flex e-con e-child\" data-id=\"25b9425\" data-element_type=\"container\" data-e-type=\"container\" data-settings=\"{&quot;background_background&quot;:&quot;classic&quot;}\">\n\t\t<div class=\"elementor-element elementor-element-d1d62d4 fc-container-equal fc-container-col-boxed e-flex e-con-boxed e-con e-child\" data-id=\"d1d62d4\" data-element_type=\"container\" data-e-type=\"container\">\n\t\t\t\t\t<div class=\"e-con-inner\">\n\t\t\t\t<div class=\"elementor-element elementor-element-df89ff1 elementor-invisible elementor-widget elementor-widget-heading\" data-id=\"df89ff1\" data-element_type=\"widget\" data-e-type=\"widget\" data-settings=\"{&quot;_animation&quot;:&quot;fadeInDown&quot;}\" data-widget_type=\"heading.default\">\n\t\t\t\t<div class=\"elementor-widget-container\">\n\t\t\t\t\t<h2 class=\"elementor-heading-title elementor-size-default\">El producto<\/h2>\t\t\t\t<\/div>\n\t\t\t\t<\/div>\n\t\t\t\t<div class=\"elementor-element elementor-element-b1021f4 elementor-invisible elementor-widget elementor-widget-text-editor\" data-id=\"b1021f4\" data-element_type=\"widget\" data-e-type=\"widget\" data-settings=\"{&quot;_animation&quot;:&quot;fadeIn&quot;}\" data-widget_type=\"text-editor.default\">\n\t\t\t\t<div class=\"elementor-widget-container\">\n\t\t\t\t\t\t\t\t\t<p>Creemos en la magia de los ingredientes frescos, el respeto por el producto y la creatividad en cada plato. Trabajamos de la mano con proveedores locales para ofrecerte lo mejor de la temporada, combinando t\u00e9cnicas de vanguardia con un toque artesanal que nos distingue.<\/p>\t\t\t\t\t\t\t\t<\/div>\n\t\t\t\t<\/div>\n\t\t\t\t\t<\/div>\n\t\t\t\t<\/div>\n\t\t\t\t<\/div>\n\t\t<div class=\"elementor-element elementor-element-66e8070 fc-container-col fc-sticky e-con-full e-flex e-con e-child\" data-id=\"66e8070\" data-element_type=\"container\" data-e-type=\"container\">\n\t\t\t\t<\/div>\n\t\t\t\t<\/div>\n\t\t\t\t<\/div>","protected":false},"excerpt":{"rendered":"<p>Fusi\u00f3n de sabores En Bizi Espacio, redefinimos el concepto de comer fuera. Con una propuesta moderna que fusiona sabores locales e internacionales, ofrecemos m\u00e1s que un men\u00fa: te invitamos a un viaje sensorial. El espacio Dise\u00f1ado con un estilo contempor\u00e1neo y acogedor, nuestro espacio est\u00e1 pensado para que disfrutes momentos \u00fanicos, ya sea en una [&hellip;]<\/p>\n","protected":false},"author":3,"featured_media":0,"parent":0,"menu_order":3,"comment_status":"closed","ping_status":"closed","template":"","meta":{"_acf_changed":false,"footnotes":""},"class_list":["post-1968","page","type-page","status-publish","hentry"],"acf":[],"_links":{"self":[{"href":"https:\/\/www.biziespacio.com\/en\/wp-json\/wp\/v2\/pages\/1968","targetHints":{"allow":["GET"]}}],"collection":[{"href":"https:\/\/www.biziespacio.com\/en\/wp-json\/wp\/v2\/pages"}],"about":[{"href":"https:\/\/www.biziespacio.com\/en\/wp-json\/wp\/v2\/types\/page"}],"author":[{"embeddable":true,"href":"https:\/\/www.biziespacio.com\/en\/wp-json\/wp\/v2\/users\/3"}],"replies":[{"embeddable":true,"href":"https:\/\/www.biziespacio.com\/en\/wp-json\/wp\/v2\/comments?post=1968"}],"version-history":[{"count":1,"href":"https:\/\/www.biziespacio.com\/en\/wp-json\/wp\/v2\/pages\/1968\/revisions"}],"predecessor-version":[{"id":2309,"href":"https:\/\/www.biziespacio.com\/en\/wp-json\/wp\/v2\/pages\/1968\/revisions\/2309"}],"wp:attachment":[{"href":"https:\/\/www.biziespacio.com\/en\/wp-json\/wp\/v2\/media?parent=1968"}],"curies":[{"name":"wp","href":"https:\/\/api.w.org\/{rel}","templated":true}]}}