{"id":1881,"date":"2024-10-29T21:35:36","date_gmt":"2024-10-29T20:35:36","guid":{"rendered":"https:\/\/www.biziespacio.com\/?page_id=1881"},"modified":"2025-03-11T08:38:27","modified_gmt":"2025-03-11T07:38:27","slug":"propuesta-gastronomica","status":"publish","type":"page","link":"https:\/\/www.biziespacio.com\/en\/propuesta-gastronomica\/","title":{"rendered":"Propuesta gastron\u00f3mica"},"content":{"rendered":"<div data-elementor-type=\"wp-page\" data-elementor-id=\"1881\" class=\"elementor elementor-1881\" data-elementor-post-type=\"page\">\n\t\t\t\t<div class=\"elementor-element elementor-element-eb813d2 e-con-full e-flex e-con e-parent\" data-id=\"eb813d2\" data-element_type=\"container\" data-e-type=\"container\">\n\t\t<div class=\"elementor-element elementor-element-8496d2b e-con-full e-flex e-con e-child\" data-id=\"8496d2b\" data-element_type=\"container\" data-e-type=\"container\" data-settings=\"{&quot;background_background&quot;:&quot;classic&quot;}\">\n\t\t\t\t<\/div>\n\t\t<div class=\"elementor-element elementor-element-edc0cb4 e-con-full e-flex e-con e-child\" data-id=\"edc0cb4\" data-element_type=\"container\" data-e-type=\"container\" data-settings=\"{&quot;background_background&quot;:&quot;classic&quot;}\">\n\t\t<div class=\"elementor-element elementor-element-02ecf1f fc-container-equal fc-container-col-boxed fc-container-col-boxed-right e-con-full e-flex elementor-invisible e-con e-child\" data-id=\"02ecf1f\" data-element_type=\"container\" data-e-type=\"container\" data-settings=\"{&quot;animation&quot;:&quot;fadeIn&quot;,&quot;background_background&quot;:&quot;classic&quot;}\">\n\t\t\t\t<div class=\"elementor-element elementor-element-21a8ebb elementor-widget elementor-widget-spacer\" data-id=\"21a8ebb\" data-element_type=\"widget\" data-e-type=\"widget\" data-widget_type=\"spacer.default\">\n\t\t\t\t<div class=\"elementor-widget-container\">\n\t\t\t\t\t\t\t<div class=\"elementor-spacer\">\n\t\t\t<div class=\"elementor-spacer-inner\"><\/div>\n\t\t<\/div>\n\t\t\t\t\t\t<\/div>\n\t\t\t\t<\/div>\n\t\t\t\t<div class=\"elementor-element elementor-element-3db7cec elementor-invisible elementor-widget elementor-widget-heading\" data-id=\"3db7cec\" data-element_type=\"widget\" data-e-type=\"widget\" data-settings=\"{&quot;_animation&quot;:&quot;fadeInDown&quot;}\" data-widget_type=\"heading.default\">\n\t\t\t\t<div class=\"elementor-widget-container\">\n\t\t\t\t\t<h2 class=\"elementor-heading-title elementor-size-default\">Propuesta <\/br>Gastron\u00f3mica<\/h2>\t\t\t\t<\/div>\n\t\t\t\t<\/div>\n\t\t\t\t<div class=\"elementor-element elementor-element-3d9f9a8 elementor-invisible elementor-widget elementor-widget-text-editor\" data-id=\"3d9f9a8\" data-element_type=\"widget\" data-e-type=\"widget\" data-settings=\"{&quot;_animation&quot;:&quot;fadeIn&quot;}\" data-widget_type=\"text-editor.default\">\n\t\t\t\t<div class=\"elementor-widget-container\">\n\t\t\t\t\t\t\t\t\t<p>Una explosi\u00f3n de sabores en cada bocado.<\/p><p>Descubre una carta en constante evoluci\u00f3n que se adapta a las estaciones. Desde entradas innovadoras hasta platos principales cuidadosamente elaborados y postres que son obras de arte, aqu\u00ed cada detalle cuenta.<\/p><p>Nuestra barra es el lugar donde los cl\u00e1sicos se reinventan. Prueba nuestras creaciones \u00fanicas o d\u00e9jate sorprender con un c\u00f3ctel hecho a tu medida, siempre con ingredientes frescos y presentaciones impecables.<\/p>\t\t\t\t\t\t\t\t<\/div>\n\t\t\t\t<\/div>\n\t\t\t\t<div class=\"elementor-element elementor-element-617624c elementor-invisible elementor-widget elementor-widget-button\" data-id=\"617624c\" data-element_type=\"widget\" data-e-type=\"widget\" data-settings=\"{&quot;_animation&quot;:&quot;fadeIn&quot;,&quot;_animation_delay&quot;:100}\" data-widget_type=\"button.default\">\n\t\t\t\t<div class=\"elementor-widget-container\">\n\t\t\t\t\t\t\t\t\t<div class=\"elementor-button-wrapper\">\n\t\t\t\t\t<a class=\"elementor-button elementor-button-link elementor-size-sm\" href=\"https:\/\/carta.avocaty.io\/bizi\/u7tsgry5a9jkfeI48lbr\" target=\"_blank\" rel=\"noopener\">\n\t\t\t\t\t\t<span class=\"elementor-button-content-wrapper\">\n\t\t\t\t\t\t\t\t\t<span class=\"elementor-button-text\">MEN\u00da DEL D\u00cdA<\/span>\n\t\t\t\t\t<\/span>\n\t\t\t\t\t<\/a>\n\t\t\t\t<\/div>\n\t\t\t\t\t\t\t\t<\/div>\n\t\t\t\t<\/div>\n\t\t\t\t<div class=\"elementor-element elementor-element-bfb878a elementor-invisible elementor-widget elementor-widget-button\" data-id=\"bfb878a\" data-element_type=\"widget\" data-e-type=\"widget\" data-settings=\"{&quot;_animation&quot;:&quot;fadeIn&quot;,&quot;_animation_delay&quot;:200}\" data-widget_type=\"button.default\">\n\t\t\t\t<div class=\"elementor-widget-container\">\n\t\t\t\t\t\t\t\t\t<div class=\"elementor-button-wrapper\">\n\t\t\t\t\t<a class=\"elementor-button elementor-button-link elementor-size-sm\" href=\"https:\/\/carta.avocaty.io\/bizi\/u7tsgry5a9jkfeI48lbr#section-2b60a045-9da9-43d4-966d-af6a8d83ef28\" target=\"_blank\" rel=\"noopener\">\n\t\t\t\t\t\t<span class=\"elementor-button-content-wrapper\">\n\t\t\t\t\t\t\t\t\t<span class=\"elementor-button-text\">CARTA BOCADILLOS<\/span>\n\t\t\t\t\t<\/span>\n\t\t\t\t\t<\/a>\n\t\t\t\t<\/div>\n\t\t\t\t\t\t\t\t<\/div>\n\t\t\t\t<\/div>\n\t\t\t\t<div class=\"elementor-element elementor-element-9a9cdb6 elementor-widget elementor-widget-spacer\" data-id=\"9a9cdb6\" data-element_type=\"widget\" data-e-type=\"widget\" data-widget_type=\"spacer.default\">\n\t\t\t\t<div class=\"elementor-widget-container\">\n\t\t\t\t\t\t\t<div class=\"elementor-spacer\">\n\t\t\t<div class=\"elementor-spacer-inner\"><\/div>\n\t\t<\/div>\n\t\t\t\t\t\t<\/div>\n\t\t\t\t<\/div>\n\t\t\t\t<\/div>\n\t\t\t\t<\/div>\n\t\t\t\t<\/div>\n\t\t\t\t<\/div>","protected":false},"excerpt":{"rendered":"<p>Propuesta Gastron\u00f3mica Una explosi\u00f3n de sabores en cada bocado. Descubre una carta en constante evoluci\u00f3n que se adapta a las estaciones. Desde entradas innovadoras hasta platos principales cuidadosamente elaborados y postres que son obras de arte, aqu\u00ed cada detalle cuenta. Nuestra barra es el lugar donde los cl\u00e1sicos se reinventan. Prueba nuestras creaciones \u00fanicas o [&hellip;]<\/p>\n","protected":false},"author":3,"featured_media":0,"parent":0,"menu_order":7,"comment_status":"closed","ping_status":"closed","template":"","meta":{"_acf_changed":false,"footnotes":""},"class_list":["post-1881","page","type-page","status-publish","hentry"],"acf":[],"_links":{"self":[{"href":"https:\/\/www.biziespacio.com\/en\/wp-json\/wp\/v2\/pages\/1881","targetHints":{"allow":["GET"]}}],"collection":[{"href":"https:\/\/www.biziespacio.com\/en\/wp-json\/wp\/v2\/pages"}],"about":[{"href":"https:\/\/www.biziespacio.com\/en\/wp-json\/wp\/v2\/types\/page"}],"author":[{"embeddable":true,"href":"https:\/\/www.biziespacio.com\/en\/wp-json\/wp\/v2\/users\/3"}],"replies":[{"embeddable":true,"href":"https:\/\/www.biziespacio.com\/en\/wp-json\/wp\/v2\/comments?post=1881"}],"version-history":[{"count":1,"href":"https:\/\/www.biziespacio.com\/en\/wp-json\/wp\/v2\/pages\/1881\/revisions"}],"predecessor-version":[{"id":2313,"href":"https:\/\/www.biziespacio.com\/en\/wp-json\/wp\/v2\/pages\/1881\/revisions\/2313"}],"wp:attachment":[{"href":"https:\/\/www.biziespacio.com\/en\/wp-json\/wp\/v2\/media?parent=1881"}],"curies":[{"name":"wp","href":"https:\/\/api.w.org\/{rel}","templated":true}]}}